{"id":668,"date":"2025-07-07T16:53:52","date_gmt":"2025-07-07T14:53:52","guid":{"rendered":"https:\/\/awl.moravany.eu\/partneri\/"},"modified":"2025-09-05T09:55:15","modified_gmt":"2025-09-05T07:55:15","slug":"partners","status":"publish","type":"page","link":"https:\/\/artweekliberec.cz\/en\/partners\/","title":{"rendered":"Partners"},"content":{"rendered":"<p><strong>Art Week Liberec<\/strong> is held with the kind sup\u00adport of the Min\u00adistry of Cul\u00adture of the Czech Republic,<br> the Statu\u00adto\u00adry City of Liberec, the Liberec Region, as well as the Tech\u00adni\u00adcal Uni\u00adver\u00adsi\u00adty of Liberec and the Cul\u00adture For Future.&nbsp;<\/p>\n<h2>Curators<\/h2>\n<p>Jana Bernar\u00adtov\u00e1, Dana Zikmundov\u00e1<\/p>\n<h2>Organizer<\/h2>\n<p>Art Week Liberec, z.s.<\/p>\n<h2>Graphic Design<\/h2>\n<p><a class=\"partneri-richard\" href=\"https:\/\/sharpobjects.cz\" target=\"_blank\" rel=\"noopener\">Sharp Objects<\/a>,<br> Richard Bake\u0161<\/p>\n<h2>Website<\/h2>\n<p><a class=\"partneri-richard\" href=\"https:\/\/sharpobjects.cz\" target=\"_blank\" rel=\"noopener\">Sharp Objects<\/a>,<br>\n<a href=\"https:\/\/eduardbakes.cz\" target=\"_blank\" rel=\"noopener\">Eduard Bake\u0161<\/a><\/p>\n<h2>Production<\/h2>\n<p>Nela Maru\u0161ke\u00advi\u010dov\u00e1, V\u00e1clav Podest\u00e1t<\/p>\n<h2>Language Editing<\/h2>\n<p>Jana Kit\u00adzlerov\u00e1<\/p>\n<h2>Photography<\/h2>\n<p>authors\u2019 archive, Roman Dobe\u0161, Anna Pleslov\u00e1, Nation\u00adal Her\u00aditage Insti\u00adtute (Region\u00adal Her\u00aditage Admin\u00adis\u00adtra\u00adtion in \u00dast\u00ed nad&nbsp;Labem)<\/p>\n<h2>Acknowledgements<\/h2>\n<p>Ad\u00e9la Bar\u00adto\u0161ov\u00e1, Ani\u00adta Br\u016fnov\u00e1, Dominik Knap, Tea K\u0159\u00ed\u017e, Petra Semel\u00adka Fil\u00adipovsk\u00e1, Mar\u00adtin Fry\u010d, Hele\u00adna Hospod\u00e1\u0159ov\u00e1, Fran\u00adti\u0161ek Masa\u0159\u00edk, Veroni\u00adka Pouzarov\u00e1, Luk\u00e1\u0161 Pyt\u00adloun, Eva R\u00e1zkov\u00e1, Jan Rouha, Ivan Semo\u00adtyuk, Fil\u00adip Suchomel<\/p>\n","protected":false},"excerpt":{"rendered":"Art Week Liberec is held with the kind sup\u00adport of the Min\u00adistry of Cul\u00adture of the Czech Repub\u00adlic, the Statu\u00adto\u00adry City of Liberec, the Liberec Region, as well as the Tech\u00adni\u00adcal Uni\u00adver\u00adsi\u00adty of Liberec and the Cul\u00adture For Future.&nbsp;Cura\u00adtors Jana Bernar\u00adtov\u00e1, Dana Zik\u00admundov\u00e1 Orga\u00adniz\u00ader Art Week Liberec, z.s. Graph\u00adic Design Sharp Objects, Richard Bake\u0161&nbsp;[\u2026]","protected":false},"author":1,"featured_media":0,"parent":0,"menu_order":0,"comment_status":"closed","ping_status":"closed","template":"template-partners.php","meta":{"_acf_changed":false,"wp_typography_post_enhancements_disabled":false,"footnotes":""},"class_list":["post-668","page","type-page","status-publish","hentry"],"acf":[],"_links":{"self":[{"href":"https:\/\/artweekliberec.cz\/en\/wp-json\/wp\/v2\/pages\/668","targetHints":{"allow":["GET"]}}],"collection":[{"href":"https:\/\/artweekliberec.cz\/en\/wp-json\/wp\/v2\/pages"}],"about":[{"href":"https:\/\/artweekliberec.cz\/en\/wp-json\/wp\/v2\/types\/page"}],"author":[{"embeddable":true,"href":"https:\/\/artweekliberec.cz\/en\/wp-json\/wp\/v2\/users\/1"}],"replies":[{"embeddable":true,"href":"https:\/\/artweekliberec.cz\/en\/wp-json\/wp\/v2\/comments?post=668"}],"version-history":[{"count":6,"href":"https:\/\/artweekliberec.cz\/en\/wp-json\/wp\/v2\/pages\/668\/revisions"}],"predecessor-version":[{"id":1245,"href":"https:\/\/artweekliberec.cz\/en\/wp-json\/wp\/v2\/pages\/668\/revisions\/1245"}],"wp:attachment":[{"href":"https:\/\/artweekliberec.cz\/en\/wp-json\/wp\/v2\/media?parent=668"}],"curies":[{"name":"wp","href":"https:\/\/api.w.org\/{rel}","templated":true}]}}